{"id":5072,"date":"2023-01-18T14:11:10","date_gmt":"2023-01-18T14:11:10","guid":{"rendered":"https:\/\/smartshoproute030.nl\/rechten\/herroepingsrecht\/"},"modified":"2023-03-21T08:20:15","modified_gmt":"2023-03-21T08:20:15","slug":"ruecktrittsrecht","status":"publish","type":"page","link":"https:\/\/smartshoproute030.nl\/de\/rechten\/ruecktrittsrecht\/","title":{"rendered":"R\u00fccktrittsrecht"},"content":{"rendered":"<p>Sie haben das Recht, Ihre Bestellung bis zu 14 Tage nach Erhalt ohne Angabe von Gr\u00fcnden zu widerrufen. Nach dem Widerruf haben Sie weitere 14 Tage Zeit, Ihr Produkt zur\u00fcckzugeben. Ihnen wird dann der volle Bestellbetrag inklusive Versandkosten gutgeschrieben. Nur die Kosten f\u00fcr die R\u00fccksendung von zu Hause zum Webshop gehen zu Ihren Lasten. Diese Kosten betragen ungef\u00e4hr 6,95 pro Paket. Die genauen Tarife finden Sie auf der Website Ihres Spediteurs. Wenn Sie von Ihrem Widerrufsrecht Gebrauch machen, wird das Produkt mit s\u00e4mtlichem mitgelieferten Zubeh\u00f6r und &#8211; soweit vern\u00fcnftigerweise m\u00f6glich &#8211; im Originalzustand und in der Originalverpackung an den Unternehmer zur\u00fcckgesandt. Um dieses Recht auszu\u00fcben, kontaktieren Sie uns bitte unter <a href=\"mailto:info@smartshoproute030.nl\">info@smartshoproute030.nl<\/a>. Wir erstatten dann den f\u00e4lligen Bestellbetrag innerhalb von 14 Tagen nach Registrierung Ihrer R\u00fccksendung, sofern das Produkt bereits in gutem Zustand zur\u00fcckgegeben wurde.<\/p>\n","protected":false},"excerpt":{"rendered":"<p>Sie haben das Recht, Ihre Bestellung bis zu 14 Tage nach Erhalt ohne Angabe von Gr\u00fcnden zu widerrufen. Nach dem Widerruf haben Sie weitere 14 Tage Zeit, Ihr Produkt zur\u00fcckzugeben. Ihnen wird dann der volle Bestellbetrag inklusive Versandkosten gutgeschrieben. Nur die Kosten f\u00fcr die R\u00fccksendung von zu Hause zum Webshop gehen zu Ihren Lasten. Diese [&hellip;]<\/p>\n","protected":false},"author":1,"featured_media":0,"parent":5063,"menu_order":0,"comment_status":"closed","ping_status":"closed","template":"","meta":{"footnotes":""},"class_list":["post-5072","page","type-page","status-publish","hentry"],"yoast_head":"<!-- This site is optimized with the Yoast SEO plugin v27.3 - https:\/\/yoast.com\/product\/yoast-seo-wordpress\/ -->\n<title>R\u00fccktrittsrecht - Smartshop Route 030 - Smartshop Utrecht<\/title>\n<meta name=\"robots\" content=\"index, follow, max-snippet:-1, max-image-preview:large, max-video-preview:-1\" \/>\n<link rel=\"canonical\" href=\"https:\/\/smartshoproute030.nl\/de\/rechten\/ruecktrittsrecht\/\" \/>\n<meta property=\"og:locale\" content=\"de_DE\" \/>\n<meta property=\"og:type\" content=\"article\" \/>\n<meta property=\"og:title\" content=\"R\u00fccktrittsrecht - Smartshop Route 030 - Smartshop Utrecht\" \/>\n<meta property=\"og:description\" content=\"Sie haben das Recht, Ihre Bestellung bis zu 14 Tage nach Erhalt ohne Angabe von Gr\u00fcnden zu widerrufen. Nach dem Widerruf haben Sie weitere 14 Tage Zeit, Ihr Produkt zur\u00fcckzugeben. Ihnen wird dann der volle Bestellbetrag inklusive Versandkosten gutgeschrieben. Nur die Kosten f\u00fcr die R\u00fccksendung von zu Hause zum Webshop gehen zu Ihren Lasten. Diese [&hellip;]\" \/>\n<meta property=\"og:url\" content=\"https:\/\/smartshoproute030.nl\/de\/rechten\/ruecktrittsrecht\/\" \/>\n<meta property=\"og:site_name\" content=\"Smartshop Route 030 - Smartshop Utrecht\" \/>\n<meta property=\"article:modified_time\" content=\"2023-03-21T08:20:15+00:00\" \/>\n<meta name=\"twitter:card\" content=\"summary_large_image\" \/>\n<meta name=\"twitter:label1\" content=\"Gesch\u00e4tzte Lesezeit\" \/>\n\t<meta name=\"twitter:data1\" content=\"1\u00a0Minute\" \/>\n<script type=\"application\/ld+json\" class=\"yoast-schema-graph\">{\"@context\":\"https:\\\/\\\/schema.org\",\"@graph\":[{\"@type\":\"WebPage\",\"@id\":\"https:\\\/\\\/smartshoproute030.nl\\\/de\\\/rechten\\\/ruecktrittsrecht\\\/\",\"url\":\"https:\\\/\\\/smartshoproute030.nl\\\/de\\\/rechten\\\/ruecktrittsrecht\\\/\",\"name\":\"R\u00fccktrittsrecht - Smartshop Route 030 - Smartshop Utrecht\",\"isPartOf\":{\"@id\":\"https:\\\/\\\/smartshoproute030.nl\\\/de\\\/#website\"},\"datePublished\":\"2023-01-18T14:11:10+00:00\",\"dateModified\":\"2023-03-21T08:20:15+00:00\",\"breadcrumb\":{\"@id\":\"https:\\\/\\\/smartshoproute030.nl\\\/de\\\/rechten\\\/ruecktrittsrecht\\\/#breadcrumb\"},\"inLanguage\":\"de\",\"potentialAction\":[{\"@type\":\"ReadAction\",\"target\":[\"https:\\\/\\\/smartshoproute030.nl\\\/de\\\/rechten\\\/ruecktrittsrecht\\\/\"]}]},{\"@type\":\"BreadcrumbList\",\"@id\":\"https:\\\/\\\/smartshoproute030.nl\\\/de\\\/rechten\\\/ruecktrittsrecht\\\/#breadcrumb\",\"itemListElement\":[{\"@type\":\"ListItem\",\"position\":1,\"name\":\"Home\",\"item\":\"https:\\\/\\\/smartshoproute030.nl\\\/de\\\/\"},{\"@type\":\"ListItem\",\"position\":2,\"name\":\"Rechten\",\"item\":\"https:\\\/\\\/smartshoproute030.nl\\\/de\\\/rechten\\\/\"},{\"@type\":\"ListItem\",\"position\":3,\"name\":\"R\u00fccktrittsrecht\"}]},{\"@type\":\"WebSite\",\"@id\":\"https:\\\/\\\/smartshoproute030.nl\\\/de\\\/#website\",\"url\":\"https:\\\/\\\/smartshoproute030.nl\\\/de\\\/\",\"name\":\"Smartshop Route 030 - Smartshop Utrecht\",\"description\":\"\",\"publisher\":{\"@id\":\"https:\\\/\\\/smartshoproute030.nl\\\/de\\\/#organization\"},\"potentialAction\":[{\"@type\":\"SearchAction\",\"target\":{\"@type\":\"EntryPoint\",\"urlTemplate\":\"https:\\\/\\\/smartshoproute030.nl\\\/de\\\/?s={search_term_string}\"},\"query-input\":{\"@type\":\"PropertyValueSpecification\",\"valueRequired\":true,\"valueName\":\"search_term_string\"}}],\"inLanguage\":\"de\"},{\"@type\":\"Organization\",\"@id\":\"https:\\\/\\\/smartshoproute030.nl\\\/de\\\/#organization\",\"name\":\"Smartshop Route 030 - Smartshop Utrecht\",\"url\":\"https:\\\/\\\/smartshoproute030.nl\\\/de\\\/\",\"logo\":{\"@type\":\"ImageObject\",\"inLanguage\":\"de\",\"@id\":\"https:\\\/\\\/smartshoproute030.nl\\\/de\\\/#\\\/schema\\\/logo\\\/image\\\/\",\"url\":\"https:\\\/\\\/smartshoproute030.nl\\\/wp-content\\\/uploads\\\/2023\\\/03\\\/smartshop-route-030-utrecht.png\",\"contentUrl\":\"https:\\\/\\\/smartshoproute030.nl\\\/wp-content\\\/uploads\\\/2023\\\/03\\\/smartshop-route-030-utrecht.png\",\"width\":619,\"height\":107,\"caption\":\"Smartshop Route 030 - Smartshop Utrecht\"},\"image\":{\"@id\":\"https:\\\/\\\/smartshoproute030.nl\\\/de\\\/#\\\/schema\\\/logo\\\/image\\\/\"}}]}<\/script>\n<!-- \/ Yoast SEO plugin. -->","yoast_head_json":{"title":"R\u00fccktrittsrecht - Smartshop Route 030 - Smartshop Utrecht","robots":{"index":"index","follow":"follow","max-snippet":"max-snippet:-1","max-image-preview":"max-image-preview:large","max-video-preview":"max-video-preview:-1"},"canonical":"https:\/\/smartshoproute030.nl\/de\/rechten\/ruecktrittsrecht\/","og_locale":"de_DE","og_type":"article","og_title":"R\u00fccktrittsrecht - Smartshop Route 030 - Smartshop Utrecht","og_description":"Sie haben das Recht, Ihre Bestellung bis zu 14 Tage nach Erhalt ohne Angabe von Gr\u00fcnden zu widerrufen. Nach dem Widerruf haben Sie weitere 14 Tage Zeit, Ihr Produkt zur\u00fcckzugeben. Ihnen wird dann der volle Bestellbetrag inklusive Versandkosten gutgeschrieben. Nur die Kosten f\u00fcr die R\u00fccksendung von zu Hause zum Webshop gehen zu Ihren Lasten. Diese [&hellip;]","og_url":"https:\/\/smartshoproute030.nl\/de\/rechten\/ruecktrittsrecht\/","og_site_name":"Smartshop Route 030 - Smartshop Utrecht","article_modified_time":"2023-03-21T08:20:15+00:00","twitter_card":"summary_large_image","twitter_misc":{"Gesch\u00e4tzte Lesezeit":"1\u00a0Minute"},"schema":{"@context":"https:\/\/schema.org","@graph":[{"@type":"WebPage","@id":"https:\/\/smartshoproute030.nl\/de\/rechten\/ruecktrittsrecht\/","url":"https:\/\/smartshoproute030.nl\/de\/rechten\/ruecktrittsrecht\/","name":"R\u00fccktrittsrecht - Smartshop Route 030 - Smartshop Utrecht","isPartOf":{"@id":"https:\/\/smartshoproute030.nl\/de\/#website"},"datePublished":"2023-01-18T14:11:10+00:00","dateModified":"2023-03-21T08:20:15+00:00","breadcrumb":{"@id":"https:\/\/smartshoproute030.nl\/de\/rechten\/ruecktrittsrecht\/#breadcrumb"},"inLanguage":"de","potentialAction":[{"@type":"ReadAction","target":["https:\/\/smartshoproute030.nl\/de\/rechten\/ruecktrittsrecht\/"]}]},{"@type":"BreadcrumbList","@id":"https:\/\/smartshoproute030.nl\/de\/rechten\/ruecktrittsrecht\/#breadcrumb","itemListElement":[{"@type":"ListItem","position":1,"name":"Home","item":"https:\/\/smartshoproute030.nl\/de\/"},{"@type":"ListItem","position":2,"name":"Rechten","item":"https:\/\/smartshoproute030.nl\/de\/rechten\/"},{"@type":"ListItem","position":3,"name":"R\u00fccktrittsrecht"}]},{"@type":"WebSite","@id":"https:\/\/smartshoproute030.nl\/de\/#website","url":"https:\/\/smartshoproute030.nl\/de\/","name":"Smartshop Route 030 - Smartshop Utrecht","description":"","publisher":{"@id":"https:\/\/smartshoproute030.nl\/de\/#organization"},"potentialAction":[{"@type":"SearchAction","target":{"@type":"EntryPoint","urlTemplate":"https:\/\/smartshoproute030.nl\/de\/?s={search_term_string}"},"query-input":{"@type":"PropertyValueSpecification","valueRequired":true,"valueName":"search_term_string"}}],"inLanguage":"de"},{"@type":"Organization","@id":"https:\/\/smartshoproute030.nl\/de\/#organization","name":"Smartshop Route 030 - Smartshop Utrecht","url":"https:\/\/smartshoproute030.nl\/de\/","logo":{"@type":"ImageObject","inLanguage":"de","@id":"https:\/\/smartshoproute030.nl\/de\/#\/schema\/logo\/image\/","url":"https:\/\/smartshoproute030.nl\/wp-content\/uploads\/2023\/03\/smartshop-route-030-utrecht.png","contentUrl":"https:\/\/smartshoproute030.nl\/wp-content\/uploads\/2023\/03\/smartshop-route-030-utrecht.png","width":619,"height":107,"caption":"Smartshop Route 030 - Smartshop Utrecht"},"image":{"@id":"https:\/\/smartshoproute030.nl\/de\/#\/schema\/logo\/image\/"}}]}},"jetpack_sharing_enabled":true,"_links":{"self":[{"href":"https:\/\/smartshoproute030.nl\/de\/wp-json\/wp\/v2\/pages\/5072","targetHints":{"allow":["GET"]}}],"collection":[{"href":"https:\/\/smartshoproute030.nl\/de\/wp-json\/wp\/v2\/pages"}],"about":[{"href":"https:\/\/smartshoproute030.nl\/de\/wp-json\/wp\/v2\/types\/page"}],"author":[{"embeddable":true,"href":"https:\/\/smartshoproute030.nl\/de\/wp-json\/wp\/v2\/users\/1"}],"replies":[{"embeddable":true,"href":"https:\/\/smartshoproute030.nl\/de\/wp-json\/wp\/v2\/comments?post=5072"}],"version-history":[{"count":0,"href":"https:\/\/smartshoproute030.nl\/de\/wp-json\/wp\/v2\/pages\/5072\/revisions"}],"up":[{"embeddable":true,"href":"https:\/\/smartshoproute030.nl\/de\/wp-json\/wp\/v2\/pages\/5063"}],"wp:attachment":[{"href":"https:\/\/smartshoproute030.nl\/de\/wp-json\/wp\/v2\/media?parent=5072"}],"curies":[{"name":"wp","href":"https:\/\/api.w.org\/{rel}","templated":true}]}}