{"id":5075,"date":"2023-01-18T14:10:32","date_gmt":"2023-01-18T14:10:32","guid":{"rendered":"https:\/\/smartshoproute030.nl\/rechten\/klachten\/"},"modified":"2023-03-21T08:22:45","modified_gmt":"2023-03-21T08:22:45","slug":"beschwerden","status":"publish","type":"page","link":"https:\/\/smartshoproute030.nl\/de\/rechten\/beschwerden\/","title":{"rendered":"Beschwerden"},"content":{"rendered":"<p>Wir empfehlen Ihnen, Beschwerden zun\u00e4chst uns mitzuteilen, indem Sie eine E-Mail an <a href=\"mailto:info@smartshoproute030.nl\">info@smartshoproute030.nl<\/a> senden. Wenn dies nicht zu einer L\u00f6sung f\u00fchrt, besteht die M\u00f6glichkeit, Ihre Streitigkeit zur Schlichtung anzumelden. Ab dem 15. Februar 2016 ist es auch f\u00fcr Verbraucher in der EU m\u00f6glich, Beschwerden \u00fcber die ODR-Plattform der Europ\u00e4ischen Kommission einzureichen. Diese ODR-Plattform finden Sie unter\u00a0<a href=\"http:\/\/ec.europa.eu\/odr\" target=\"_blank\" rel=\"noopener noreferrer\">http:\/\/ec.europa.eu\/odr<\/a >. Sofern Ihre Beschwerde noch nicht anderweitig bearbeitet wird, steht es Ihnen frei, Ihre Beschwerde \u00fcber die Plattform der Europ\u00e4ischen Union einzureichen.<\/p>\n","protected":false},"excerpt":{"rendered":"<p>Wir empfehlen Ihnen, Beschwerden zun\u00e4chst uns mitzuteilen, indem Sie eine E-Mail an info@smartshoproute030.nl senden. Wenn dies nicht zu einer L\u00f6sung f\u00fchrt, besteht die M\u00f6glichkeit, Ihre Streitigkeit zur Schlichtung anzumelden. Ab dem 15. Februar 2016 ist es auch f\u00fcr Verbraucher in der EU m\u00f6glich, Beschwerden \u00fcber die ODR-Plattform der Europ\u00e4ischen Kommission einzureichen. Diese ODR-Plattform finden Sie [&hellip;]<\/p>\n","protected":false},"author":1,"featured_media":0,"parent":5063,"menu_order":0,"comment_status":"closed","ping_status":"closed","template":"","meta":{"footnotes":""},"class_list":["post-5075","page","type-page","status-publish","hentry"],"yoast_head":"<!-- This site is optimized with the Yoast SEO plugin v27.3 - https:\/\/yoast.com\/product\/yoast-seo-wordpress\/ -->\n<title>Beschwerden - Smartshop Route 030 - Smartshop Utrecht<\/title>\n<meta name=\"robots\" content=\"index, follow, max-snippet:-1, max-image-preview:large, max-video-preview:-1\" \/>\n<link rel=\"canonical\" href=\"https:\/\/smartshoproute030.nl\/de\/rechten\/beschwerden\/\" \/>\n<meta property=\"og:locale\" content=\"de_DE\" \/>\n<meta property=\"og:type\" content=\"article\" \/>\n<meta property=\"og:title\" content=\"Beschwerden - Smartshop Route 030 - Smartshop Utrecht\" \/>\n<meta property=\"og:description\" content=\"Wir empfehlen Ihnen, Beschwerden zun\u00e4chst uns mitzuteilen, indem Sie eine E-Mail an info@smartshoproute030.nl senden. Wenn dies nicht zu einer L\u00f6sung f\u00fchrt, besteht die M\u00f6glichkeit, Ihre Streitigkeit zur Schlichtung anzumelden. Ab dem 15. Februar 2016 ist es auch f\u00fcr Verbraucher in der EU m\u00f6glich, Beschwerden \u00fcber die ODR-Plattform der Europ\u00e4ischen Kommission einzureichen. Diese ODR-Plattform finden Sie [&hellip;]\" \/>\n<meta property=\"og:url\" content=\"https:\/\/smartshoproute030.nl\/de\/rechten\/beschwerden\/\" \/>\n<meta property=\"og:site_name\" content=\"Smartshop Route 030 - Smartshop Utrecht\" \/>\n<meta property=\"article:modified_time\" content=\"2023-03-21T08:22:45+00:00\" \/>\n<meta name=\"twitter:card\" content=\"summary_large_image\" \/>\n<meta name=\"twitter:label1\" content=\"Gesch\u00e4tzte Lesezeit\" \/>\n\t<meta name=\"twitter:data1\" content=\"1\u00a0Minute\" \/>\n<script type=\"application\/ld+json\" class=\"yoast-schema-graph\">{\"@context\":\"https:\\\/\\\/schema.org\",\"@graph\":[{\"@type\":\"WebPage\",\"@id\":\"https:\\\/\\\/smartshoproute030.nl\\\/de\\\/rechten\\\/beschwerden\\\/\",\"url\":\"https:\\\/\\\/smartshoproute030.nl\\\/de\\\/rechten\\\/beschwerden\\\/\",\"name\":\"Beschwerden - Smartshop Route 030 - Smartshop Utrecht\",\"isPartOf\":{\"@id\":\"https:\\\/\\\/smartshoproute030.nl\\\/de\\\/#website\"},\"datePublished\":\"2023-01-18T14:10:32+00:00\",\"dateModified\":\"2023-03-21T08:22:45+00:00\",\"breadcrumb\":{\"@id\":\"https:\\\/\\\/smartshoproute030.nl\\\/de\\\/rechten\\\/beschwerden\\\/#breadcrumb\"},\"inLanguage\":\"de\",\"potentialAction\":[{\"@type\":\"ReadAction\",\"target\":[\"https:\\\/\\\/smartshoproute030.nl\\\/de\\\/rechten\\\/beschwerden\\\/\"]}]},{\"@type\":\"BreadcrumbList\",\"@id\":\"https:\\\/\\\/smartshoproute030.nl\\\/de\\\/rechten\\\/beschwerden\\\/#breadcrumb\",\"itemListElement\":[{\"@type\":\"ListItem\",\"position\":1,\"name\":\"Home\",\"item\":\"https:\\\/\\\/smartshoproute030.nl\\\/de\\\/\"},{\"@type\":\"ListItem\",\"position\":2,\"name\":\"Rechten\",\"item\":\"https:\\\/\\\/smartshoproute030.nl\\\/de\\\/rechten\\\/\"},{\"@type\":\"ListItem\",\"position\":3,\"name\":\"Beschwerden\"}]},{\"@type\":\"WebSite\",\"@id\":\"https:\\\/\\\/smartshoproute030.nl\\\/de\\\/#website\",\"url\":\"https:\\\/\\\/smartshoproute030.nl\\\/de\\\/\",\"name\":\"Smartshop Route 030 - Smartshop Utrecht\",\"description\":\"\",\"publisher\":{\"@id\":\"https:\\\/\\\/smartshoproute030.nl\\\/de\\\/#organization\"},\"potentialAction\":[{\"@type\":\"SearchAction\",\"target\":{\"@type\":\"EntryPoint\",\"urlTemplate\":\"https:\\\/\\\/smartshoproute030.nl\\\/de\\\/?s={search_term_string}\"},\"query-input\":{\"@type\":\"PropertyValueSpecification\",\"valueRequired\":true,\"valueName\":\"search_term_string\"}}],\"inLanguage\":\"de\"},{\"@type\":\"Organization\",\"@id\":\"https:\\\/\\\/smartshoproute030.nl\\\/de\\\/#organization\",\"name\":\"Smartshop Route 030 - Smartshop Utrecht\",\"url\":\"https:\\\/\\\/smartshoproute030.nl\\\/de\\\/\",\"logo\":{\"@type\":\"ImageObject\",\"inLanguage\":\"de\",\"@id\":\"https:\\\/\\\/smartshoproute030.nl\\\/de\\\/#\\\/schema\\\/logo\\\/image\\\/\",\"url\":\"https:\\\/\\\/smartshoproute030.nl\\\/wp-content\\\/uploads\\\/2023\\\/03\\\/smartshop-route-030-utrecht.png\",\"contentUrl\":\"https:\\\/\\\/smartshoproute030.nl\\\/wp-content\\\/uploads\\\/2023\\\/03\\\/smartshop-route-030-utrecht.png\",\"width\":619,\"height\":107,\"caption\":\"Smartshop Route 030 - Smartshop Utrecht\"},\"image\":{\"@id\":\"https:\\\/\\\/smartshoproute030.nl\\\/de\\\/#\\\/schema\\\/logo\\\/image\\\/\"}}]}<\/script>\n<!-- \/ Yoast SEO plugin. -->","yoast_head_json":{"title":"Beschwerden - Smartshop Route 030 - Smartshop Utrecht","robots":{"index":"index","follow":"follow","max-snippet":"max-snippet:-1","max-image-preview":"max-image-preview:large","max-video-preview":"max-video-preview:-1"},"canonical":"https:\/\/smartshoproute030.nl\/de\/rechten\/beschwerden\/","og_locale":"de_DE","og_type":"article","og_title":"Beschwerden - Smartshop Route 030 - Smartshop Utrecht","og_description":"Wir empfehlen Ihnen, Beschwerden zun\u00e4chst uns mitzuteilen, indem Sie eine E-Mail an info@smartshoproute030.nl senden. Wenn dies nicht zu einer L\u00f6sung f\u00fchrt, besteht die M\u00f6glichkeit, Ihre Streitigkeit zur Schlichtung anzumelden. Ab dem 15. Februar 2016 ist es auch f\u00fcr Verbraucher in der EU m\u00f6glich, Beschwerden \u00fcber die ODR-Plattform der Europ\u00e4ischen Kommission einzureichen. Diese ODR-Plattform finden Sie [&hellip;]","og_url":"https:\/\/smartshoproute030.nl\/de\/rechten\/beschwerden\/","og_site_name":"Smartshop Route 030 - Smartshop Utrecht","article_modified_time":"2023-03-21T08:22:45+00:00","twitter_card":"summary_large_image","twitter_misc":{"Gesch\u00e4tzte Lesezeit":"1\u00a0Minute"},"schema":{"@context":"https:\/\/schema.org","@graph":[{"@type":"WebPage","@id":"https:\/\/smartshoproute030.nl\/de\/rechten\/beschwerden\/","url":"https:\/\/smartshoproute030.nl\/de\/rechten\/beschwerden\/","name":"Beschwerden - Smartshop Route 030 - Smartshop Utrecht","isPartOf":{"@id":"https:\/\/smartshoproute030.nl\/de\/#website"},"datePublished":"2023-01-18T14:10:32+00:00","dateModified":"2023-03-21T08:22:45+00:00","breadcrumb":{"@id":"https:\/\/smartshoproute030.nl\/de\/rechten\/beschwerden\/#breadcrumb"},"inLanguage":"de","potentialAction":[{"@type":"ReadAction","target":["https:\/\/smartshoproute030.nl\/de\/rechten\/beschwerden\/"]}]},{"@type":"BreadcrumbList","@id":"https:\/\/smartshoproute030.nl\/de\/rechten\/beschwerden\/#breadcrumb","itemListElement":[{"@type":"ListItem","position":1,"name":"Home","item":"https:\/\/smartshoproute030.nl\/de\/"},{"@type":"ListItem","position":2,"name":"Rechten","item":"https:\/\/smartshoproute030.nl\/de\/rechten\/"},{"@type":"ListItem","position":3,"name":"Beschwerden"}]},{"@type":"WebSite","@id":"https:\/\/smartshoproute030.nl\/de\/#website","url":"https:\/\/smartshoproute030.nl\/de\/","name":"Smartshop Route 030 - Smartshop Utrecht","description":"","publisher":{"@id":"https:\/\/smartshoproute030.nl\/de\/#organization"},"potentialAction":[{"@type":"SearchAction","target":{"@type":"EntryPoint","urlTemplate":"https:\/\/smartshoproute030.nl\/de\/?s={search_term_string}"},"query-input":{"@type":"PropertyValueSpecification","valueRequired":true,"valueName":"search_term_string"}}],"inLanguage":"de"},{"@type":"Organization","@id":"https:\/\/smartshoproute030.nl\/de\/#organization","name":"Smartshop Route 030 - Smartshop Utrecht","url":"https:\/\/smartshoproute030.nl\/de\/","logo":{"@type":"ImageObject","inLanguage":"de","@id":"https:\/\/smartshoproute030.nl\/de\/#\/schema\/logo\/image\/","url":"https:\/\/smartshoproute030.nl\/wp-content\/uploads\/2023\/03\/smartshop-route-030-utrecht.png","contentUrl":"https:\/\/smartshoproute030.nl\/wp-content\/uploads\/2023\/03\/smartshop-route-030-utrecht.png","width":619,"height":107,"caption":"Smartshop Route 030 - Smartshop Utrecht"},"image":{"@id":"https:\/\/smartshoproute030.nl\/de\/#\/schema\/logo\/image\/"}}]}},"jetpack_sharing_enabled":true,"_links":{"self":[{"href":"https:\/\/smartshoproute030.nl\/de\/wp-json\/wp\/v2\/pages\/5075","targetHints":{"allow":["GET"]}}],"collection":[{"href":"https:\/\/smartshoproute030.nl\/de\/wp-json\/wp\/v2\/pages"}],"about":[{"href":"https:\/\/smartshoproute030.nl\/de\/wp-json\/wp\/v2\/types\/page"}],"author":[{"embeddable":true,"href":"https:\/\/smartshoproute030.nl\/de\/wp-json\/wp\/v2\/users\/1"}],"replies":[{"embeddable":true,"href":"https:\/\/smartshoproute030.nl\/de\/wp-json\/wp\/v2\/comments?post=5075"}],"version-history":[{"count":0,"href":"https:\/\/smartshoproute030.nl\/de\/wp-json\/wp\/v2\/pages\/5075\/revisions"}],"up":[{"embeddable":true,"href":"https:\/\/smartshoproute030.nl\/de\/wp-json\/wp\/v2\/pages\/5063"}],"wp:attachment":[{"href":"https:\/\/smartshoproute030.nl\/de\/wp-json\/wp\/v2\/media?parent=5075"}],"curies":[{"name":"wp","href":"https:\/\/api.w.org\/{rel}","templated":true}]}}