{"id":4719,"date":"2023-01-25T16:00:54","date_gmt":"2023-01-25T16:00:54","guid":{"rendered":"https:\/\/smartshoproute030.nl\/unkategorisiert\/medical-skunk\/"},"modified":"2023-01-25T16:00:54","modified_gmt":"2023-01-25T16:00:54","slug":"medical-skunk","status":"publish","type":"product","link":"https:\/\/smartshoproute030.nl\/de\/cannabis-samen\/medical-skunk\/","title":{"rendered":"Medical Skunk"},"content":{"rendered":"<h2>Kera Medical Skunk<\/h2>\n<p>Medische Skunk is \u00e9\u00e9n van de meest klassieke cannabissoorten ter wereld en wordt vaak gebruikt als basis voor vele andere soorten omdat ze een ontzettend goede genetica heeft. Ze staat bekend om haar zoete smaak en grote buds die zorgen voor een enorme oogst.<\/p>\n<p><strong>Herkomst<\/strong><\/p>\n<p>Deze superieure klassieker is een kruising van 35% Sativa en 65% Indica. De <strong>Kera Medical Skunk<\/strong> is afkomstig van Sativa dominante Colombiaanse, Mexicaanse en Afghaanse ouders. De <strong>Kera Medical Skunk <\/strong>wordt steeds populairder en ze wordt ook steeds weer verbeterd. Deze plant\u00a0is erg geschikt voor medische doeleinden.<\/p>\n<p><strong>Kweekeigenschappen<\/strong><\/p>\n<p>De <strong>Kera Medical Skunk<\/strong> kan gebruikt worden voor binnenkweek en buitenkweek. Het is een sterke en robuuste plant die niet gevoelig is voor schimmels en ziektes. Skunk is dus ook geschikt voor de beginnende teler. Ze kan zowel in warmere als in koudere klimaten gekweekt worden, want ze is niet gevoelig voor kou en regen. De plant blijft relatief klein (bij binnenkweek hoogstens anderhalve meter), maar door de reusachtige buds is de opbrengst toch hoog.<\/p>\n<p>De plant heeft een korte bloeitijd van ongeveer 8 weken. Tijdens de bloeiperiode produceert de <strong>Kera Medical Skunk<\/strong> in een rap tempo robuuste stammen en takken, waaiervormige bladeren en reusachtige toppen. Voor een optimale smaakervaring raden wij aan om Skunk na ongeveer 7 tot 8 weken bloei te oogsten, maar als je voor een iets heftiger effect wilt gaan, kun je haar nog een weekje langer laten bloeien.<\/p>\n<p><strong>Effect en smaakbeleving<\/strong><\/p>\n<p>Ook de rookervaring van de <strong>Kera Skunk<\/strong> is heerlijk en heftig. De smaak is uniek en herkenbaar; zwaar, zoet en fruitig. Meteen na het roken krijg je een heldere high in je hoofd, de zware lichamelijke stone komt vaak iets later. De <strong>Kera Medical Skunk<\/strong> is perfect in balans. Het is echt een soort die je minimaal \u00e9\u00e9n keer in je leven geprobeerd moet hebben, al zal het vast niet bij \u00e9\u00e9n keer blijven. Op medisch gebied wordt de <strong>Kera Medical Skunk<\/strong> gebruikt bij stress en angst.<\/p>\n<p><strong>Unieke eigenschappen<\/strong><\/p>\n<ul>\n<li>Robuuste plant die niet gevoelig is voor schimmels<\/li>\n<li>Kan goed tegen kou en regen<\/li>\n<li>Herkenbare zoete geur en smaak<\/li>\n<\/ul>\n","protected":false},"excerpt":{"rendered":"<p>Ook de rookervaring van de <strong>Kera Skunk<\/strong> is heerlijk en heftig. De smaak is uniek en herkenbaar; zwaar, zoet en fruitig. Meteen na het roken krijg je een heldere high in je hoofd, de zware lichamelijke stone komt vaak iets later. De <strong>Kera Medical Skunk<\/strong> is perfect in balans. Het is echt een soort die je minimaal \u00e9\u00e9n keer in je leven geprobeerd moet hebben, al zal het vast niet bij \u00e9\u00e9n keer blijven. Op medisch gebied wordt de <strong>Kera Medical Skunk<\/strong> gebruikt bij stress en angst.<\/p>\n","protected":false},"featured_media":2431,"template":"","meta":[],"product_brand":[],"product_cat":[423,428],"product_tag":[],"class_list":{"0":"post-4719","1":"product","2":"type-product","3":"status-publish","4":"has-post-thumbnail","6":"product_cat-cannabis-samen","7":"product_cat-keraseeds-de-2","8":"pa_genetische-achtergrond-skunk-_1-de","9":"pa_hoogte-binnen-100-125-cm-de","10":"pa_hoogte-buiten-110-180-cm-de","11":"pa_oogstmaand-oktober-de","12":"pa_thc-low-de","14":"first","15":"instock","16":"purchasable","17":"product-type-simple"},"yoast_head":"<!-- This site is optimized with the Yoast SEO plugin v27.3 - https:\/\/yoast.com\/product\/yoast-seo-wordpress\/ -->\n<title>Medical Skunk - Smartshop Route 030 - Smartshop Utrecht<\/title>\n<meta name=\"robots\" content=\"index, follow, max-snippet:-1, max-image-preview:large, max-video-preview:-1\" \/>\n<link rel=\"canonical\" href=\"https:\/\/smartshoproute030.nl\/de\/cannabis-samen\/medical-skunk\/\" \/>\n<meta property=\"og:locale\" content=\"de_DE\" \/>\n<meta property=\"og:type\" content=\"article\" \/>\n<meta property=\"og:title\" content=\"Medical Skunk - Smartshop Route 030 - Smartshop Utrecht\" \/>\n<meta property=\"og:description\" content=\"Ook de rookervaring van de Kera Skunk is heerlijk en heftig. De smaak is uniek en herkenbaar; zwaar, zoet en fruitig. Meteen na het roken krijg je een heldere high in je hoofd, de zware lichamelijke stone komt vaak iets later. De Kera Medical Skunk is perfect in balans. Het is echt een soort die je minimaal \u00e9\u00e9n keer in je leven geprobeerd moet hebben, al zal het vast niet bij \u00e9\u00e9n keer blijven. Op medisch gebied wordt de Kera Medical Skunk gebruikt bij stress en angst.\" \/>\n<meta property=\"og:url\" content=\"https:\/\/smartshoproute030.nl\/de\/cannabis-samen\/medical-skunk\/\" \/>\n<meta property=\"og:site_name\" content=\"Smartshop Route 030 - Smartshop Utrecht\" \/>\n<meta name=\"twitter:card\" content=\"summary_large_image\" \/>\n<meta name=\"twitter:label1\" content=\"Gesch\u00e4tzte Lesezeit\" \/>\n\t<meta name=\"twitter:data1\" content=\"2\u00a0Minuten\" \/>\n<script type=\"application\/ld+json\" class=\"yoast-schema-graph\">{\"@context\":\"https:\\\/\\\/schema.org\",\"@graph\":[{\"@type\":\"WebPage\",\"@id\":\"https:\\\/\\\/smartshoproute030.nl\\\/de\\\/cannabis-samen\\\/medical-skunk\\\/\",\"url\":\"https:\\\/\\\/smartshoproute030.nl\\\/de\\\/cannabis-samen\\\/medical-skunk\\\/\",\"name\":\"Medical Skunk - Smartshop Route 030 - Smartshop Utrecht\",\"isPartOf\":{\"@id\":\"https:\\\/\\\/smartshoproute030.nl\\\/de\\\/#website\"},\"primaryImageOfPage\":{\"@id\":\"https:\\\/\\\/smartshoproute030.nl\\\/de\\\/cannabis-samen\\\/medical-skunk\\\/#primaryimage\"},\"image\":{\"@id\":\"https:\\\/\\\/smartshoproute030.nl\\\/de\\\/cannabis-samen\\\/medical-skunk\\\/#primaryimage\"},\"thumbnailUrl\":\"https:\\\/\\\/smartshoproute030.nl\\\/wp-content\\\/uploads\\\/2023\\\/01\\\/Medical-skunk.jpg\",\"datePublished\":\"2023-01-25T16:00:54+00:00\",\"breadcrumb\":{\"@id\":\"https:\\\/\\\/smartshoproute030.nl\\\/de\\\/cannabis-samen\\\/medical-skunk\\\/#breadcrumb\"},\"inLanguage\":\"de\",\"potentialAction\":[{\"@type\":\"ReadAction\",\"target\":[\"https:\\\/\\\/smartshoproute030.nl\\\/de\\\/cannabis-samen\\\/medical-skunk\\\/\"]}]},{\"@type\":\"ImageObject\",\"inLanguage\":\"de\",\"@id\":\"https:\\\/\\\/smartshoproute030.nl\\\/de\\\/cannabis-samen\\\/medical-skunk\\\/#primaryimage\",\"url\":\"https:\\\/\\\/smartshoproute030.nl\\\/wp-content\\\/uploads\\\/2023\\\/01\\\/Medical-skunk.jpg\",\"contentUrl\":\"https:\\\/\\\/smartshoproute030.nl\\\/wp-content\\\/uploads\\\/2023\\\/01\\\/Medical-skunk.jpg\",\"width\":439,\"height\":599,\"caption\":\"Medical Skunk\"},{\"@type\":\"BreadcrumbList\",\"@id\":\"https:\\\/\\\/smartshoproute030.nl\\\/de\\\/cannabis-samen\\\/medical-skunk\\\/#breadcrumb\",\"itemListElement\":[{\"@type\":\"ListItem\",\"position\":1,\"name\":\"Home\",\"item\":\"https:\\\/\\\/smartshoproute030.nl\\\/de\\\/\"},{\"@type\":\"ListItem\",\"position\":2,\"name\":\"Winkel\",\"item\":\"https:\\\/\\\/smartshoproute030.nl\\\/winkel\\\/\"},{\"@type\":\"ListItem\",\"position\":3,\"name\":\"Medical Skunk\"}]},{\"@type\":\"WebSite\",\"@id\":\"https:\\\/\\\/smartshoproute030.nl\\\/de\\\/#website\",\"url\":\"https:\\\/\\\/smartshoproute030.nl\\\/de\\\/\",\"name\":\"Smartshop Route 030 - Smartshop Utrecht\",\"description\":\"\",\"publisher\":{\"@id\":\"https:\\\/\\\/smartshoproute030.nl\\\/de\\\/#organization\"},\"potentialAction\":[{\"@type\":\"SearchAction\",\"target\":{\"@type\":\"EntryPoint\",\"urlTemplate\":\"https:\\\/\\\/smartshoproute030.nl\\\/de\\\/?s={search_term_string}\"},\"query-input\":{\"@type\":\"PropertyValueSpecification\",\"valueRequired\":true,\"valueName\":\"search_term_string\"}}],\"inLanguage\":\"de\"},{\"@type\":\"Organization\",\"@id\":\"https:\\\/\\\/smartshoproute030.nl\\\/de\\\/#organization\",\"name\":\"Smartshop Route 030 - Smartshop Utrecht\",\"url\":\"https:\\\/\\\/smartshoproute030.nl\\\/de\\\/\",\"logo\":{\"@type\":\"ImageObject\",\"inLanguage\":\"de\",\"@id\":\"https:\\\/\\\/smartshoproute030.nl\\\/de\\\/#\\\/schema\\\/logo\\\/image\\\/\",\"url\":\"https:\\\/\\\/smartshoproute030.nl\\\/wp-content\\\/uploads\\\/2023\\\/03\\\/smartshop-route-030-utrecht.png\",\"contentUrl\":\"https:\\\/\\\/smartshoproute030.nl\\\/wp-content\\\/uploads\\\/2023\\\/03\\\/smartshop-route-030-utrecht.png\",\"width\":619,\"height\":107,\"caption\":\"Smartshop Route 030 - Smartshop Utrecht\"},\"image\":{\"@id\":\"https:\\\/\\\/smartshoproute030.nl\\\/de\\\/#\\\/schema\\\/logo\\\/image\\\/\"}}]}<\/script>\n<!-- \/ Yoast SEO plugin. -->","yoast_head_json":{"title":"Medical Skunk - Smartshop Route 030 - Smartshop Utrecht","robots":{"index":"index","follow":"follow","max-snippet":"max-snippet:-1","max-image-preview":"max-image-preview:large","max-video-preview":"max-video-preview:-1"},"canonical":"https:\/\/smartshoproute030.nl\/de\/cannabis-samen\/medical-skunk\/","og_locale":"de_DE","og_type":"article","og_title":"Medical Skunk - Smartshop Route 030 - Smartshop Utrecht","og_description":"Ook de rookervaring van de Kera Skunk is heerlijk en heftig. De smaak is uniek en herkenbaar; zwaar, zoet en fruitig. Meteen na het roken krijg je een heldere high in je hoofd, de zware lichamelijke stone komt vaak iets later. De Kera Medical Skunk is perfect in balans. Het is echt een soort die je minimaal \u00e9\u00e9n keer in je leven geprobeerd moet hebben, al zal het vast niet bij \u00e9\u00e9n keer blijven. Op medisch gebied wordt de Kera Medical Skunk gebruikt bij stress en angst.","og_url":"https:\/\/smartshoproute030.nl\/de\/cannabis-samen\/medical-skunk\/","og_site_name":"Smartshop Route 030 - Smartshop Utrecht","twitter_card":"summary_large_image","twitter_misc":{"Gesch\u00e4tzte Lesezeit":"2\u00a0Minuten"},"schema":{"@context":"https:\/\/schema.org","@graph":[{"@type":"WebPage","@id":"https:\/\/smartshoproute030.nl\/de\/cannabis-samen\/medical-skunk\/","url":"https:\/\/smartshoproute030.nl\/de\/cannabis-samen\/medical-skunk\/","name":"Medical Skunk - Smartshop Route 030 - Smartshop Utrecht","isPartOf":{"@id":"https:\/\/smartshoproute030.nl\/de\/#website"},"primaryImageOfPage":{"@id":"https:\/\/smartshoproute030.nl\/de\/cannabis-samen\/medical-skunk\/#primaryimage"},"image":{"@id":"https:\/\/smartshoproute030.nl\/de\/cannabis-samen\/medical-skunk\/#primaryimage"},"thumbnailUrl":"https:\/\/smartshoproute030.nl\/wp-content\/uploads\/2023\/01\/Medical-skunk.jpg","datePublished":"2023-01-25T16:00:54+00:00","breadcrumb":{"@id":"https:\/\/smartshoproute030.nl\/de\/cannabis-samen\/medical-skunk\/#breadcrumb"},"inLanguage":"de","potentialAction":[{"@type":"ReadAction","target":["https:\/\/smartshoproute030.nl\/de\/cannabis-samen\/medical-skunk\/"]}]},{"@type":"ImageObject","inLanguage":"de","@id":"https:\/\/smartshoproute030.nl\/de\/cannabis-samen\/medical-skunk\/#primaryimage","url":"https:\/\/smartshoproute030.nl\/wp-content\/uploads\/2023\/01\/Medical-skunk.jpg","contentUrl":"https:\/\/smartshoproute030.nl\/wp-content\/uploads\/2023\/01\/Medical-skunk.jpg","width":439,"height":599,"caption":"Medical Skunk"},{"@type":"BreadcrumbList","@id":"https:\/\/smartshoproute030.nl\/de\/cannabis-samen\/medical-skunk\/#breadcrumb","itemListElement":[{"@type":"ListItem","position":1,"name":"Home","item":"https:\/\/smartshoproute030.nl\/de\/"},{"@type":"ListItem","position":2,"name":"Winkel","item":"https:\/\/smartshoproute030.nl\/winkel\/"},{"@type":"ListItem","position":3,"name":"Medical Skunk"}]},{"@type":"WebSite","@id":"https:\/\/smartshoproute030.nl\/de\/#website","url":"https:\/\/smartshoproute030.nl\/de\/","name":"Smartshop Route 030 - Smartshop Utrecht","description":"","publisher":{"@id":"https:\/\/smartshoproute030.nl\/de\/#organization"},"potentialAction":[{"@type":"SearchAction","target":{"@type":"EntryPoint","urlTemplate":"https:\/\/smartshoproute030.nl\/de\/?s={search_term_string}"},"query-input":{"@type":"PropertyValueSpecification","valueRequired":true,"valueName":"search_term_string"}}],"inLanguage":"de"},{"@type":"Organization","@id":"https:\/\/smartshoproute030.nl\/de\/#organization","name":"Smartshop Route 030 - Smartshop Utrecht","url":"https:\/\/smartshoproute030.nl\/de\/","logo":{"@type":"ImageObject","inLanguage":"de","@id":"https:\/\/smartshoproute030.nl\/de\/#\/schema\/logo\/image\/","url":"https:\/\/smartshoproute030.nl\/wp-content\/uploads\/2023\/03\/smartshop-route-030-utrecht.png","contentUrl":"https:\/\/smartshoproute030.nl\/wp-content\/uploads\/2023\/03\/smartshop-route-030-utrecht.png","width":619,"height":107,"caption":"Smartshop Route 030 - Smartshop Utrecht"},"image":{"@id":"https:\/\/smartshoproute030.nl\/de\/#\/schema\/logo\/image\/"}}]}},"jetpack_sharing_enabled":true,"_links":{"self":[{"href":"https:\/\/smartshoproute030.nl\/de\/wp-json\/wp\/v2\/product\/4719","targetHints":{"allow":["GET"]}}],"collection":[{"href":"https:\/\/smartshoproute030.nl\/de\/wp-json\/wp\/v2\/product"}],"about":[{"href":"https:\/\/smartshoproute030.nl\/de\/wp-json\/wp\/v2\/types\/product"}],"wp:featuredmedia":[{"embeddable":true,"href":"https:\/\/smartshoproute030.nl\/de\/wp-json\/wp\/v2\/media\/2431"}],"wp:attachment":[{"href":"https:\/\/smartshoproute030.nl\/de\/wp-json\/wp\/v2\/media?parent=4719"}],"wp:term":[{"taxonomy":"product_brand","embeddable":true,"href":"https:\/\/smartshoproute030.nl\/de\/wp-json\/wp\/v2\/product_brand?post=4719"},{"taxonomy":"product_cat","embeddable":true,"href":"https:\/\/smartshoproute030.nl\/de\/wp-json\/wp\/v2\/product_cat?post=4719"},{"taxonomy":"product_tag","embeddable":true,"href":"https:\/\/smartshoproute030.nl\/de\/wp-json\/wp\/v2\/product_tag?post=4719"}],"curies":[{"name":"wp","href":"https:\/\/api.w.org\/{rel}","templated":true}]}}