{"id":4651,"date":"2023-01-25T16:01:38","date_gmt":"2023-01-25T16:01:38","guid":{"rendered":"https:\/\/smartshoproute030.nl\/uncategorized\/skunk\/"},"modified":"2023-03-20T12:43:14","modified_gmt":"2023-03-20T12:43:14","slug":"skunk","status":"publish","type":"product","link":"https:\/\/smartshoproute030.nl\/en\/cannabis-seeds\/skunk\/","title":{"rendered":"Skunk"},"content":{"rendered":"<h2>Kera Skunk<\/h2>\n<p>De<strong> Kera Skunk<\/strong> is \u00e9\u00e9n van de meest klassieke cannabissoorten ter wereld en wordt vaak gebruikt als basis voor vele andere soorten omdat ze een ontzettend goede genetica heeft. Ze staat bekend om haar zoete smaak en grote buds die zorgen voor een enorme oogst.<\/p>\n<p><strong>Herkomst<\/strong><\/p>\n<p>Deze superieure klassieker is een kruising van 35% Sativa en 65% Indica. De <strong>Kera Skunk<\/strong> is afkomstig van Sativa dominante Colombiaanse, Mexicaanse en Afghaanse ouders. De <strong>Kera Skunk <\/strong>wordt steeds populairder en ze wordt ook steeds weer verbeterd. De <strong>plant<\/strong> is erg geschikt voor medische doeleinden.<\/p>\n<p><strong>Kweekeigenschappen<\/strong><\/p>\n<p>De <strong>Kera Skunk<\/strong> kan gebruikt worden voor binnenkweek en buitenkweek. Het is een sterke en robuuste plant die niet gevoelig is voor schimmels en ziektes. De <strong>Kera<\/strong> <strong>Skunk<\/strong> is dus ook geschikt voor de beginnende teler. Ze kan zowel in warmere als in koudere klimaten gekweekt worden, want ze is niet gevoelig voor kou en regen. De plant blijft relatief klein (bij binnenkweek hoogstens anderhalve meter), maar door de reusachtige buds is de opbrengst toch hoog. De plant heeft een korte bloeitijd van ongeveer 8 weken. Tijdens de bloeiperiode produceert de plant\u00a0in een rap tempo robuuste stammen en takken, waaiervormige bladeren en reusachtige toppen. Voor een optimale smaakervaring raden wij aan om de <strong>Kera<\/strong> <strong>Skunk<\/strong> na ongeveer 7 tot 8 weken bloei te oogsten, maar als je voor een iets heftiger effect wilt gaan, kun je haar nog een weekje langer laten bloeien.<\/p>\n<p><strong>Effect en smaakbeleving<\/strong><\/p>\n<p>Ook de rookervaring van de <strong>Kera Skunk<\/strong> is heerlijk en heftig. De smaak is uniek en herkenbaar; zwaar, zoet en fruitig. Meteen na het roken krijg je een heldere high in je hoofd, de zware lichamelijke stone komt vaak iets later. De <strong>Kera Skunk<\/strong> is perfect in balans. Het is echt een soort die je minimaal \u00e9\u00e9n keer in je leven geprobeerd moet hebben, al zal het vast niet bij \u00e9\u00e9n keer blijven. Op medisch gebied wordt de <strong>Kera Skunk<\/strong> gebruikt bij stress en angst.<\/p>\n<p><strong>Unieke eigenschappen<\/strong><\/p>\n<ul>\n<li>Robuuste plant die niet gevoelig is voor schimmels<\/li>\n<li>Kan goed tegen kou en regen<\/li>\n<li>Gefeminiseerd<\/li>\n<\/ul>\n<p>Herkenbare zoete geur en smaak<\/p>\n","protected":false},"excerpt":{"rendered":"<p>Kera Skunk De Kera Skunk is \u00e9\u00e9n van de meest klassieke cannabissoorten ter wereld en wordt vaak gebruikt als basis voor vele andere soorten omdat ze een ontzettend goede genetica heeft. Ze staat bekend om haar zoete smaak en grote buds die zorgen voor een enorme oogst. Herkomst Deze superieure klassieker is een kruising van [&hellip;]<\/p>\n","protected":false},"featured_media":2382,"template":"","meta":[],"product_brand":[],"product_cat":[424,429],"product_tag":[],"class_list":{"0":"post-4651","1":"product","2":"type-product","3":"status-publish","4":"has-post-thumbnail","6":"product_cat-cannabis-seeds","7":"product_cat-keraseeds-en-2","8":"pa_genetische-achtergrond-skunk-_1-en","9":"pa_hoogte-binnen-100-125-cm-en","10":"pa_hoogte-buiten-110-180-cm-en","11":"pa_oogstmaand-october","12":"pa_thc-15-en","14":"first","15":"instock","16":"purchasable","17":"product-type-simple"},"yoast_head":"<!-- This site is optimized with the Yoast SEO plugin v27.3 - https:\/\/yoast.com\/product\/yoast-seo-wordpress\/ -->\n<title>Skunk - Smartshop Route 030 - Smartshop Utrecht<\/title>\n<meta name=\"robots\" content=\"index, follow, max-snippet:-1, max-image-preview:large, max-video-preview:-1\" \/>\n<link rel=\"canonical\" href=\"https:\/\/smartshoproute030.nl\/en\/cannabis-seeds\/skunk\/\" \/>\n<meta property=\"og:locale\" content=\"en_US\" \/>\n<meta property=\"og:type\" content=\"article\" \/>\n<meta property=\"og:title\" content=\"Skunk - Smartshop Route 030 - Smartshop Utrecht\" \/>\n<meta property=\"og:description\" content=\"Kera Skunk De Kera Skunk is \u00e9\u00e9n van de meest klassieke cannabissoorten ter wereld en wordt vaak gebruikt als basis voor vele andere soorten omdat ze een ontzettend goede genetica heeft. Ze staat bekend om haar zoete smaak en grote buds die zorgen voor een enorme oogst. Herkomst Deze superieure klassieker is een kruising van [&hellip;]\" \/>\n<meta property=\"og:url\" content=\"https:\/\/smartshoproute030.nl\/en\/cannabis-seeds\/skunk\/\" \/>\n<meta property=\"og:site_name\" content=\"Smartshop Route 030 - Smartshop Utrecht\" \/>\n<meta property=\"article:modified_time\" content=\"2023-03-20T12:43:14+00:00\" \/>\n<meta property=\"og:image\" content=\"https:\/\/smartshoproute030.nl\/wp-content\/uploads\/2023\/01\/Skunk.jpg\" \/>\n\t<meta property=\"og:image:width\" content=\"439\" \/>\n\t<meta property=\"og:image:height\" content=\"599\" \/>\n\t<meta property=\"og:image:type\" content=\"image\/jpeg\" \/>\n<meta name=\"twitter:card\" content=\"summary_large_image\" \/>\n<meta name=\"twitter:label1\" content=\"Est. reading time\" \/>\n\t<meta name=\"twitter:data1\" content=\"2 minutes\" \/>\n<script type=\"application\/ld+json\" class=\"yoast-schema-graph\">{\"@context\":\"https:\\\/\\\/schema.org\",\"@graph\":[{\"@type\":\"WebPage\",\"@id\":\"https:\\\/\\\/smartshoproute030.nl\\\/en\\\/cannabis-seeds\\\/skunk\\\/\",\"url\":\"https:\\\/\\\/smartshoproute030.nl\\\/en\\\/cannabis-seeds\\\/skunk\\\/\",\"name\":\"Skunk - Smartshop Route 030 - Smartshop Utrecht\",\"isPartOf\":{\"@id\":\"https:\\\/\\\/smartshoproute030.nl\\\/en\\\/#website\"},\"primaryImageOfPage\":{\"@id\":\"https:\\\/\\\/smartshoproute030.nl\\\/en\\\/cannabis-seeds\\\/skunk\\\/#primaryimage\"},\"image\":{\"@id\":\"https:\\\/\\\/smartshoproute030.nl\\\/en\\\/cannabis-seeds\\\/skunk\\\/#primaryimage\"},\"thumbnailUrl\":\"https:\\\/\\\/smartshoproute030.nl\\\/wp-content\\\/uploads\\\/2023\\\/01\\\/Skunk.jpg\",\"datePublished\":\"2023-01-25T16:01:38+00:00\",\"dateModified\":\"2023-03-20T12:43:14+00:00\",\"breadcrumb\":{\"@id\":\"https:\\\/\\\/smartshoproute030.nl\\\/en\\\/cannabis-seeds\\\/skunk\\\/#breadcrumb\"},\"inLanguage\":\"en-US\",\"potentialAction\":[{\"@type\":\"ReadAction\",\"target\":[\"https:\\\/\\\/smartshoproute030.nl\\\/en\\\/cannabis-seeds\\\/skunk\\\/\"]}]},{\"@type\":\"ImageObject\",\"inLanguage\":\"en-US\",\"@id\":\"https:\\\/\\\/smartshoproute030.nl\\\/en\\\/cannabis-seeds\\\/skunk\\\/#primaryimage\",\"url\":\"https:\\\/\\\/smartshoproute030.nl\\\/wp-content\\\/uploads\\\/2023\\\/01\\\/Skunk.jpg\",\"contentUrl\":\"https:\\\/\\\/smartshoproute030.nl\\\/wp-content\\\/uploads\\\/2023\\\/01\\\/Skunk.jpg\",\"width\":439,\"height\":599,\"caption\":\"Skunk\"},{\"@type\":\"BreadcrumbList\",\"@id\":\"https:\\\/\\\/smartshoproute030.nl\\\/en\\\/cannabis-seeds\\\/skunk\\\/#breadcrumb\",\"itemListElement\":[{\"@type\":\"ListItem\",\"position\":1,\"name\":\"Home\",\"item\":\"https:\\\/\\\/smartshoproute030.nl\\\/en\\\/home\\\/\"},{\"@type\":\"ListItem\",\"position\":2,\"name\":\"Winkel\",\"item\":\"https:\\\/\\\/smartshoproute030.nl\\\/winkel\\\/\"},{\"@type\":\"ListItem\",\"position\":3,\"name\":\"Skunk\"}]},{\"@type\":\"WebSite\",\"@id\":\"https:\\\/\\\/smartshoproute030.nl\\\/en\\\/#website\",\"url\":\"https:\\\/\\\/smartshoproute030.nl\\\/en\\\/\",\"name\":\"Smartshop Route 030 - Smartshop Utrecht\",\"description\":\"\",\"publisher\":{\"@id\":\"https:\\\/\\\/smartshoproute030.nl\\\/en\\\/#organization\"},\"potentialAction\":[{\"@type\":\"SearchAction\",\"target\":{\"@type\":\"EntryPoint\",\"urlTemplate\":\"https:\\\/\\\/smartshoproute030.nl\\\/en\\\/?s={search_term_string}\"},\"query-input\":{\"@type\":\"PropertyValueSpecification\",\"valueRequired\":true,\"valueName\":\"search_term_string\"}}],\"inLanguage\":\"en-US\"},{\"@type\":\"Organization\",\"@id\":\"https:\\\/\\\/smartshoproute030.nl\\\/en\\\/#organization\",\"name\":\"Smartshop Route 030 - Smartshop Utrecht\",\"url\":\"https:\\\/\\\/smartshoproute030.nl\\\/en\\\/\",\"logo\":{\"@type\":\"ImageObject\",\"inLanguage\":\"en-US\",\"@id\":\"https:\\\/\\\/smartshoproute030.nl\\\/en\\\/#\\\/schema\\\/logo\\\/image\\\/\",\"url\":\"https:\\\/\\\/smartshoproute030.nl\\\/wp-content\\\/uploads\\\/2023\\\/03\\\/smartshop-route-030-utrecht.png\",\"contentUrl\":\"https:\\\/\\\/smartshoproute030.nl\\\/wp-content\\\/uploads\\\/2023\\\/03\\\/smartshop-route-030-utrecht.png\",\"width\":619,\"height\":107,\"caption\":\"Smartshop Route 030 - Smartshop Utrecht\"},\"image\":{\"@id\":\"https:\\\/\\\/smartshoproute030.nl\\\/en\\\/#\\\/schema\\\/logo\\\/image\\\/\"}}]}<\/script>\n<!-- \/ Yoast SEO plugin. -->","yoast_head_json":{"title":"Skunk - Smartshop Route 030 - Smartshop Utrecht","robots":{"index":"index","follow":"follow","max-snippet":"max-snippet:-1","max-image-preview":"max-image-preview:large","max-video-preview":"max-video-preview:-1"},"canonical":"https:\/\/smartshoproute030.nl\/en\/cannabis-seeds\/skunk\/","og_locale":"en_US","og_type":"article","og_title":"Skunk - Smartshop Route 030 - Smartshop Utrecht","og_description":"Kera Skunk De Kera Skunk is \u00e9\u00e9n van de meest klassieke cannabissoorten ter wereld en wordt vaak gebruikt als basis voor vele andere soorten omdat ze een ontzettend goede genetica heeft. Ze staat bekend om haar zoete smaak en grote buds die zorgen voor een enorme oogst. Herkomst Deze superieure klassieker is een kruising van [&hellip;]","og_url":"https:\/\/smartshoproute030.nl\/en\/cannabis-seeds\/skunk\/","og_site_name":"Smartshop Route 030 - Smartshop Utrecht","article_modified_time":"2023-03-20T12:43:14+00:00","og_image":[{"width":439,"height":599,"url":"https:\/\/smartshoproute030.nl\/wp-content\/uploads\/2023\/01\/Skunk.jpg","type":"image\/jpeg"}],"twitter_card":"summary_large_image","twitter_misc":{"Est. reading time":"2 minutes"},"schema":{"@context":"https:\/\/schema.org","@graph":[{"@type":"WebPage","@id":"https:\/\/smartshoproute030.nl\/en\/cannabis-seeds\/skunk\/","url":"https:\/\/smartshoproute030.nl\/en\/cannabis-seeds\/skunk\/","name":"Skunk - Smartshop Route 030 - Smartshop Utrecht","isPartOf":{"@id":"https:\/\/smartshoproute030.nl\/en\/#website"},"primaryImageOfPage":{"@id":"https:\/\/smartshoproute030.nl\/en\/cannabis-seeds\/skunk\/#primaryimage"},"image":{"@id":"https:\/\/smartshoproute030.nl\/en\/cannabis-seeds\/skunk\/#primaryimage"},"thumbnailUrl":"https:\/\/smartshoproute030.nl\/wp-content\/uploads\/2023\/01\/Skunk.jpg","datePublished":"2023-01-25T16:01:38+00:00","dateModified":"2023-03-20T12:43:14+00:00","breadcrumb":{"@id":"https:\/\/smartshoproute030.nl\/en\/cannabis-seeds\/skunk\/#breadcrumb"},"inLanguage":"en-US","potentialAction":[{"@type":"ReadAction","target":["https:\/\/smartshoproute030.nl\/en\/cannabis-seeds\/skunk\/"]}]},{"@type":"ImageObject","inLanguage":"en-US","@id":"https:\/\/smartshoproute030.nl\/en\/cannabis-seeds\/skunk\/#primaryimage","url":"https:\/\/smartshoproute030.nl\/wp-content\/uploads\/2023\/01\/Skunk.jpg","contentUrl":"https:\/\/smartshoproute030.nl\/wp-content\/uploads\/2023\/01\/Skunk.jpg","width":439,"height":599,"caption":"Skunk"},{"@type":"BreadcrumbList","@id":"https:\/\/smartshoproute030.nl\/en\/cannabis-seeds\/skunk\/#breadcrumb","itemListElement":[{"@type":"ListItem","position":1,"name":"Home","item":"https:\/\/smartshoproute030.nl\/en\/home\/"},{"@type":"ListItem","position":2,"name":"Winkel","item":"https:\/\/smartshoproute030.nl\/winkel\/"},{"@type":"ListItem","position":3,"name":"Skunk"}]},{"@type":"WebSite","@id":"https:\/\/smartshoproute030.nl\/en\/#website","url":"https:\/\/smartshoproute030.nl\/en\/","name":"Smartshop Route 030 - Smartshop Utrecht","description":"","publisher":{"@id":"https:\/\/smartshoproute030.nl\/en\/#organization"},"potentialAction":[{"@type":"SearchAction","target":{"@type":"EntryPoint","urlTemplate":"https:\/\/smartshoproute030.nl\/en\/?s={search_term_string}"},"query-input":{"@type":"PropertyValueSpecification","valueRequired":true,"valueName":"search_term_string"}}],"inLanguage":"en-US"},{"@type":"Organization","@id":"https:\/\/smartshoproute030.nl\/en\/#organization","name":"Smartshop Route 030 - Smartshop Utrecht","url":"https:\/\/smartshoproute030.nl\/en\/","logo":{"@type":"ImageObject","inLanguage":"en-US","@id":"https:\/\/smartshoproute030.nl\/en\/#\/schema\/logo\/image\/","url":"https:\/\/smartshoproute030.nl\/wp-content\/uploads\/2023\/03\/smartshop-route-030-utrecht.png","contentUrl":"https:\/\/smartshoproute030.nl\/wp-content\/uploads\/2023\/03\/smartshop-route-030-utrecht.png","width":619,"height":107,"caption":"Smartshop Route 030 - Smartshop Utrecht"},"image":{"@id":"https:\/\/smartshoproute030.nl\/en\/#\/schema\/logo\/image\/"}}]}},"jetpack_sharing_enabled":true,"_links":{"self":[{"href":"https:\/\/smartshoproute030.nl\/en\/wp-json\/wp\/v2\/product\/4651","targetHints":{"allow":["GET"]}}],"collection":[{"href":"https:\/\/smartshoproute030.nl\/en\/wp-json\/wp\/v2\/product"}],"about":[{"href":"https:\/\/smartshoproute030.nl\/en\/wp-json\/wp\/v2\/types\/product"}],"wp:featuredmedia":[{"embeddable":true,"href":"https:\/\/smartshoproute030.nl\/en\/wp-json\/wp\/v2\/media\/2382"}],"wp:attachment":[{"href":"https:\/\/smartshoproute030.nl\/en\/wp-json\/wp\/v2\/media?parent=4651"}],"wp:term":[{"taxonomy":"product_brand","embeddable":true,"href":"https:\/\/smartshoproute030.nl\/en\/wp-json\/wp\/v2\/product_brand?post=4651"},{"taxonomy":"product_cat","embeddable":true,"href":"https:\/\/smartshoproute030.nl\/en\/wp-json\/wp\/v2\/product_cat?post=4651"},{"taxonomy":"product_tag","embeddable":true,"href":"https:\/\/smartshoproute030.nl\/en\/wp-json\/wp\/v2\/product_tag?post=4651"}],"curies":[{"name":"wp","href":"https:\/\/api.w.org\/{rel}","templated":true}]}}